{"id":17237,"date":"2021-04-12T10:07:49","date_gmt":"2021-04-12T08:07:49","guid":{"rendered":"http:\/\/www.beste-collection.de\/?post_type=product&#038;p=17237"},"modified":"2024-12-22T10:42:09","modified_gmt":"2024-12-22T09:42:09","slug":"kuschelkissenangebot-10x-in-schlauchform-farb-und-musterauswahl-zufaellig","status":"publish","type":"product","link":"https:\/\/shop.beste-collection.de\/en\/product\/kuschelkissenangebot-10x-in-schlauchform-farb-und-musterauswahl-zufaellig\/","title":{"rendered":"Cuddly pillow offer mix 10 pieces tube shape and neck roll mixed, color and pattern selection random"},"content":{"rendered":"<p>Super Angebot f\u00fcr Sparf\u00fcchse !<\/p>\n<p>Hier werden 10 Kuschelkissen (mix aus Schlauchform und Nackenrolle (H\u00f6rnerkissen)) f\u00fcr einen unschlagbaren Preis von 49,99\u20ac angeboten.<\/p>\n<p>Die Farben und Muster werden allerdings von uns je nach Verf\u00fcgbarkeit <strong>zuf\u00e4llig<\/strong> und m\u00f6glichst &#8220;<strong>gemischt<\/strong>&#8221; ausgew\u00e4hlt.<\/p>\n<p><strong>Das Produktbild ist nur ein Beispiel !<\/strong><\/p>","protected":false},"excerpt":{"rendered":"<p>Super Angebot f\u00fcr Sparf\u00fcchse ! Hier werden 10 Kuschelkissen (mix aus Schlauchform und Nackenrolle (H\u00f6rnerkissen)) f\u00fcr einen unschlagbaren Preis von 49,99\u20ac angeboten. Die Farben und Muster werden allerdings von uns je nach Verf\u00fcgbarkeit zuf\u00e4llig und m\u00f6glichst &#8220;gemischt&#8221; ausgew\u00e4hlt. Das Produktbild ist nur ein Beispiel !<\/p>","protected":false},"featured_media":18907,"comment_status":"open","ping_status":"closed","template":"","meta":[],"product_brand":[],"product_cat":[25,30],"product_tag":[],"class_list":{"0":"post-17237","1":"product","2":"type-product","3":"status-publish","4":"has-post-thumbnail","6":"product_cat-sale","7":"product_cat-schlauchform","9":"first","10":"instock","11":"sale","12":"taxable","13":"shipping-taxable","14":"purchasable","15":"product-type-simple"},"jetpack_sharing_enabled":true,"_links":{"self":[{"href":"https:\/\/shop.beste-collection.de\/en\/wp-json\/wp\/v2\/product\/17237"}],"collection":[{"href":"https:\/\/shop.beste-collection.de\/en\/wp-json\/wp\/v2\/product"}],"about":[{"href":"https:\/\/shop.beste-collection.de\/en\/wp-json\/wp\/v2\/types\/product"}],"replies":[{"embeddable":true,"href":"https:\/\/shop.beste-collection.de\/en\/wp-json\/wp\/v2\/comments?post=17237"}],"wp:featuredmedia":[{"embeddable":true,"href":"https:\/\/shop.beste-collection.de\/en\/wp-json\/wp\/v2\/media\/18907"}],"wp:attachment":[{"href":"https:\/\/shop.beste-collection.de\/en\/wp-json\/wp\/v2\/media?parent=17237"}],"wp:term":[{"taxonomy":"product_brand","embeddable":true,"href":"https:\/\/shop.beste-collection.de\/en\/wp-json\/wp\/v2\/product_brand?post=17237"},{"taxonomy":"product_cat","embeddable":true,"href":"https:\/\/shop.beste-collection.de\/en\/wp-json\/wp\/v2\/product_cat?post=17237"},{"taxonomy":"product_tag","embeddable":true,"href":"https:\/\/shop.beste-collection.de\/en\/wp-json\/wp\/v2\/product_tag?post=17237"}],"curies":[{"name":"wp","href":"https:\/\/api.w.org\/{rel}","templated":true}]}}