{"id":17073,"date":"2020-11-17T09:18:18","date_gmt":"2020-11-17T08:18:18","guid":{"rendered":"http:\/\/www.beste-collection.de\/?post_type=product&#038;p=17073"},"modified":"2024-09-09T08:10:27","modified_gmt":"2024-09-09T06:10:27","slug":"atemschutzmaske-kn95-schwarz-25-stueck-norm-gb-2626-2006","status":"publish","type":"product","link":"https:\/\/shop.beste-collection.de\/en\/product\/atemschutzmaske-kn95-schwarz-25-stueck-norm-gb-2626-2006\/","title":{"rendered":"Respiratory mask KN95 \u2013 black 25 pieces Standard GB 2626-2006"},"content":{"rendered":"<p>Standard GB 2626-2006<\/p>\n<p><strong>10x respirator mask FFP2\/KN95<\/strong><\/p>\n<p>Size: One size<br \/>\nProtection: Using the anti-pollution mask reduces the risk of inhaling harmful gases such as odors, pollen, smoke, dust, viruses, germs and microparticles<br \/>\nLagerbedingungen: -5\u00b0C bis +50\u00b0C, trocken lagern, in gut durchl\u00fcfteten R\u00e4umen<br \/>\nEigenschaften: wasserabweisende Au\u00dfenbeschichtung, Innenlage sorgt f\u00fcr die n\u00f6tige Sauerstoffzufuhr.<\/p>\n<p><strong>Application:<\/strong><\/p>\n<p>1. Please always wash your hands, disinfect them if necessary or wear gloves before putting on the mask.<br \/>\n2. Pull the elastic fastening straps over your ears, with the metal strip in the mask at the top.<br \/>\n3. After putting on the mask, please gently press the metal strip on both sides of the nose.<br \/>\n4. Adjust the mask so that your mouth and nose are completely covered. Make sure the mask fits securely over the bridge of your nose and cheeks.<\/p>\n<p><strong>Scope of delivery:<\/strong><\/p>\n<p>25 pieces of respiratory mask<\/p>\n<p>&nbsp;<\/p>\n<p>&nbsp;<\/p>","protected":false},"excerpt":{"rendered":"<p>Standard GB 2626-2006 10x FFP2\/KN95 respirator mask Size: one size Protection: Using the anti-pollution mask reduces the risk of inhaling harmful gases such as odors, pollen, smoke, dust, viruses, germs and microparticles Storage conditions: -5\u00b0C to +50\u00b0C, store dry, in well-ventilated rooms Properties: water-repellent outer coating, inner layer ensures the necessary oxygen supply. Application: 1. Please always wash your hands, if necessary [\u2026]<\/p>","protected":false},"featured_media":18948,"comment_status":"open","ping_status":"closed","template":"","meta":[],"product_brand":[],"product_cat":[38],"product_tag":[],"class_list":{"0":"post-17073","1":"product","2":"type-product","3":"status-publish","4":"has-post-thumbnail","6":"product_cat-munasch","8":"first","9":"instock","10":"sale","11":"taxable","12":"shipping-taxable","13":"purchasable","14":"product-type-simple"},"jetpack_sharing_enabled":true,"_links":{"self":[{"href":"https:\/\/shop.beste-collection.de\/en\/wp-json\/wp\/v2\/product\/17073"}],"collection":[{"href":"https:\/\/shop.beste-collection.de\/en\/wp-json\/wp\/v2\/product"}],"about":[{"href":"https:\/\/shop.beste-collection.de\/en\/wp-json\/wp\/v2\/types\/product"}],"replies":[{"embeddable":true,"href":"https:\/\/shop.beste-collection.de\/en\/wp-json\/wp\/v2\/comments?post=17073"}],"wp:featuredmedia":[{"embeddable":true,"href":"https:\/\/shop.beste-collection.de\/en\/wp-json\/wp\/v2\/media\/18948"}],"wp:attachment":[{"href":"https:\/\/shop.beste-collection.de\/en\/wp-json\/wp\/v2\/media?parent=17073"}],"wp:term":[{"taxonomy":"product_brand","embeddable":true,"href":"https:\/\/shop.beste-collection.de\/en\/wp-json\/wp\/v2\/product_brand?post=17073"},{"taxonomy":"product_cat","embeddable":true,"href":"https:\/\/shop.beste-collection.de\/en\/wp-json\/wp\/v2\/product_cat?post=17073"},{"taxonomy":"product_tag","embeddable":true,"href":"https:\/\/shop.beste-collection.de\/en\/wp-json\/wp\/v2\/product_tag?post=17073"}],"curies":[{"name":"wp","href":"https:\/\/api.w.org\/{rel}","templated":true}]}}