{"id":17048,"date":"2020-11-06T13:44:52","date_gmt":"2020-11-06T12:44:52","guid":{"rendered":"http:\/\/www.beste-collection.de\/?post_type=product&#038;p=17048"},"modified":"2024-10-28T17:27:07","modified_gmt":"2024-10-28T16:27:07","slug":"mundnasenschutz-maske-fuer-kinder-50-stueck-rosa","status":"publish","type":"product","link":"https:\/\/shop.beste-collection.de\/en\/product\/mundnasenschutz-maske-fuer-kinder-50-stueck-rosa\/","title":{"rendered":"Mouth and nose protection \u2013 mask for children 50 pieces pink"},"content":{"rendered":"<p>This mouth and nose protection mask with 3 layers effectively blocks splashes and dust. This way you can protect yourself and those around you.<\/p>\n<p>Die 3-lagige Maske aus Vliesmaterial, Filtermaterial und ultrafeinen Soft-Fasern verf\u00fcgt \u00fcber eine hervorragende Bel\u00fcftung und<br \/>\nl\u00e4sst sich durch die dreidimensionalen Falten besonders komfortabel tragen. Die Gummischlaufen sorgen f\u00fcr einen sicheren Halt<br \/>\nhinter den Ohren. Durch die ergonomische Passform ist die Maske perfekt geeignet f\u00fcr Kinder.<\/p>\n<p>Die Einwegmasken haben eine Einheitsgr\u00f6\u00dfe und sind faltbar. Aus hygienischer Sicht wird empfohlen, sie t\u00e4glich auszutauschen und sie nicht wieder zu verwenden.<\/p>\n<p>Eigenschaften:<\/p>\n<p>Protects mouth and nose area<br \/>\nDisposable mask<br \/>\n3-layer filter protection structure<br \/>\nLow breathing resistance<br \/>\nComfortable elastic loops<br \/>\nHealthy breathing<br \/>\nProduction in a sterile environment<br \/>\nVersatile<\/p>\n<p>Technische Daten:<\/p>\n<p>Material: 3-layer non-woven material<br \/>\nMa\u00dfe: 14,2 x 9 cm<br \/>\nFarben: siehe Fotos<\/p>","protected":false},"excerpt":{"rendered":"<p>Diese Mund-Nasen Schutzmaske mit 3 Lagen blockiert effektiv Spritzer und Staub. So sch\u00fctzen Sie sich und Ihre Mitmenschen. Die 3-lagige Maske aus Vliesmaterial, Filtermaterial und ultrafeinen Soft-Fasern verf\u00fcgt \u00fcber eine hervorragende Bel\u00fcftung und l\u00e4sst sich durch die dreidimensionalen Falten besonders komfortabel tragen. Die Gummischlaufen sorgen f\u00fcr einen sicheren Halt hinter den Ohren. Durch die ergonomische [&hellip;]<\/p>","protected":false},"featured_media":18946,"comment_status":"open","ping_status":"closed","template":"","meta":[],"product_brand":[],"product_cat":[38],"product_tag":[],"class_list":{"0":"post-17048","1":"product","2":"type-product","3":"status-publish","4":"has-post-thumbnail","6":"product_cat-munasch","8":"first","9":"instock","10":"taxable","11":"shipping-taxable","12":"purchasable","13":"product-type-simple"},"jetpack_sharing_enabled":true,"_links":{"self":[{"href":"https:\/\/shop.beste-collection.de\/en\/wp-json\/wp\/v2\/product\/17048"}],"collection":[{"href":"https:\/\/shop.beste-collection.de\/en\/wp-json\/wp\/v2\/product"}],"about":[{"href":"https:\/\/shop.beste-collection.de\/en\/wp-json\/wp\/v2\/types\/product"}],"replies":[{"embeddable":true,"href":"https:\/\/shop.beste-collection.de\/en\/wp-json\/wp\/v2\/comments?post=17048"}],"wp:featuredmedia":[{"embeddable":true,"href":"https:\/\/shop.beste-collection.de\/en\/wp-json\/wp\/v2\/media\/18946"}],"wp:attachment":[{"href":"https:\/\/shop.beste-collection.de\/en\/wp-json\/wp\/v2\/media?parent=17048"}],"wp:term":[{"taxonomy":"product_brand","embeddable":true,"href":"https:\/\/shop.beste-collection.de\/en\/wp-json\/wp\/v2\/product_brand?post=17048"},{"taxonomy":"product_cat","embeddable":true,"href":"https:\/\/shop.beste-collection.de\/en\/wp-json\/wp\/v2\/product_cat?post=17048"},{"taxonomy":"product_tag","embeddable":true,"href":"https:\/\/shop.beste-collection.de\/en\/wp-json\/wp\/v2\/product_tag?post=17048"}],"curies":[{"name":"wp","href":"https:\/\/api.w.org\/{rel}","templated":true}]}}