{"id":16884,"date":"2020-05-12T01:23:38","date_gmt":"2020-05-11T23:23:38","guid":{"rendered":"http:\/\/www.beste-collection.de\/?post_type=product&#038;p=16884"},"modified":"2024-08-26T10:41:02","modified_gmt":"2024-08-26T08:41:02","slug":"touch-relax-shiatsu-massagegeraet-mit-akku","status":"publish","type":"product","link":"https:\/\/shop.beste-collection.de\/en\/product\/touch-relax-shiatsu-massagegeraet-mit-akku\/","title":{"rendered":"Touch &#038; Relax Shiatsu Massageger\u00e4t mit Akku * * * Einf\u00fchrungspreis * * *"},"content":{"rendered":"<p><em>Einf\u00fchrungspreis bis Ende des Jahres !<\/em><\/p>\n<p>Unsere Neuheit &#8220;Touch &amp; Relax&#8221; mit Akku jetzt erh\u00e4ltlich!<\/p>\n<p>Inklusive 5 Jahre Herstellergarantie !<\/p>\n<p>Revolution\u00e4r!<\/p>\n<p>Seien Sie einer der Ersten, die den neuen Akku sowie Netzbetriebenen &#8220;Touch &amp; Relax&#8221; in den H\u00e4nden halten oder an der H\u00fcfte f\u00fchlen :-).<\/p>\n<p>Der &#8220;Touch &amp; Relax&#8221; verw\u00f6hnt Sie mit einer unverwechselbaren Massage, die Sie nicht mehr missen m\u00f6chten.<br \/>\nDank der Touchsensor\u00a0 verw\u00f6hnt Sie das Ger\u00e4t mit dem h\u00f6chsten Komfort.<\/p>\n<p style=\"margin: 0cm; margin-bottom: .0001pt;\">Durch das unauff\u00e4llige und neutrale Design haben Sie zuhause kein Ger\u00e4t, das Sie nach der Benutzung irgendwo verstauen bzw. verstecken<\/p>\n<p style=\"margin: 0cm; margin-bottom: .0001pt;\">m\u00fcssen, sondern einfach als ein h\u00fcbsches und kuscheliges Sofakissen Ihr zuhause dekorieren.<\/p>\n<p>&nbsp;<\/p>\n<p>Shiatsu multi massage system for: shoulder, neck, stomach, waist, legs, feet and more<br \/>\nAutomatic rotation of the system, clockwise and counterclockwise<br \/>\nErgonomisches Design der Massageb\u00e4lle<br \/>\nEinfacher Betrieb durch On \/ Off Schalter<br \/>\nScientifically designed for the human body<br \/>\n5 year manufacturer warranty<br \/>\nProtective function to prevent overheating<br \/>\nhighly modern movable dual massage mechanism<br \/>\nGer\u00e4tema\u00dfe L x B x H: 40cm x 40cm x 13.5 cm<\/p>","protected":false},"excerpt":{"rendered":"<p>Einf\u00fchrungspreis bis Ende des Jahres ! Unsere Neuheit &#8220;Touch &amp; Relax&#8221; mit Akku jetzt erh\u00e4ltlich! Inklusive 5 Jahre Herstellergarantie ! Revolution\u00e4r! Seien Sie einer der Ersten, die den neuen Akku sowie Netzbetriebenen &#8220;Touch &amp; Relax&#8221; in den H\u00e4nden halten oder an der H\u00fcfte f\u00fchlen :-). Der &#8220;Touch &amp; Relax&#8221; verw\u00f6hnt Sie mit einer unverwechselbaren Massage, [&hellip;]<\/p>","protected":false},"featured_media":18963,"comment_status":"open","ping_status":"closed","template":"","meta":[],"product_brand":[],"product_cat":[37],"product_tag":[],"class_list":{"0":"post-16884","1":"product","2":"type-product","3":"status-publish","4":"has-post-thumbnail","6":"product_cat-nacken-ruecken","7":"pa_farbe-grau","8":"pa_farbe-gruen","9":"pa_farbe-rot","10":"pa_farbe-schwarz","11":"pa_farbe-tuerkis","13":"first","14":"instock","15":"taxable","16":"shipping-taxable","17":"purchasable","18":"product-type-variable","19":"has-default-attributes"},"jetpack_sharing_enabled":true,"_links":{"self":[{"href":"https:\/\/shop.beste-collection.de\/en\/wp-json\/wp\/v2\/product\/16884"}],"collection":[{"href":"https:\/\/shop.beste-collection.de\/en\/wp-json\/wp\/v2\/product"}],"about":[{"href":"https:\/\/shop.beste-collection.de\/en\/wp-json\/wp\/v2\/types\/product"}],"replies":[{"embeddable":true,"href":"https:\/\/shop.beste-collection.de\/en\/wp-json\/wp\/v2\/comments?post=16884"}],"wp:featuredmedia":[{"embeddable":true,"href":"https:\/\/shop.beste-collection.de\/en\/wp-json\/wp\/v2\/media\/18963"}],"wp:attachment":[{"href":"https:\/\/shop.beste-collection.de\/en\/wp-json\/wp\/v2\/media?parent=16884"}],"wp:term":[{"taxonomy":"product_brand","embeddable":true,"href":"https:\/\/shop.beste-collection.de\/en\/wp-json\/wp\/v2\/product_brand?post=16884"},{"taxonomy":"product_cat","embeddable":true,"href":"https:\/\/shop.beste-collection.de\/en\/wp-json\/wp\/v2\/product_cat?post=16884"},{"taxonomy":"product_tag","embeddable":true,"href":"https:\/\/shop.beste-collection.de\/en\/wp-json\/wp\/v2\/product_tag?post=16884"}],"curies":[{"name":"wp","href":"https:\/\/api.w.org\/{rel}","templated":true}]}}