{"id":16324,"date":"2017-12-09T03:47:58","date_gmt":"2017-12-09T02:47:58","guid":{"rendered":"http:\/\/www.beste-collection.de\/wpbc\/?post_type=product&#038;p=16324"},"modified":"2024-08-26T11:24:54","modified_gmt":"2024-08-26T09:24:54","slug":"touch-me-xxl-blau","status":"publish","type":"product","link":"https:\/\/shop.beste-collection.de\/en\/product\/touch-me-xxl-blau\/","title":{"rendered":"TOUCH ME XXL BLUE"},"content":{"rendered":"<p>TUBE XXL ist der Riese unter den 4-BODY Microgranulatkissen. Benutzen Sie dieses Kissen f\u00fcr gr\u00f6bstes Knet- oder Kuschelvergn\u00fcgen. Mit einer L\u00e4nge von ca. 127 cm ist es lang genug um zum Beispiel beim Schlafen zwischen die Beine genommen zu werden (so machen es die Seitensch\u00e4fer gern), oder zum Beispiel auch als Stillkissen, um Ihnen nur 2 m\u00f6gliche Einsatzpunkte zu nennen.<\/p>","protected":false},"excerpt":{"rendered":"<p>TUBE XXL ist der Riese unter den 4-BODY Microgranulatkissen. Benutzen Sie dieses Kissen f\u00fcr gr\u00f6bstes Knet- oder Kuschelvergn\u00fcgen. Mit einer L\u00e4nge von ca. 127 cm ist es lang genug um zum Beispiel beim Schlafen zwischen die Beine genommen zu werden (so machen es die Seitensch\u00e4fer gern), oder zum Beispiel auch als Stillkissen, um Ihnen nur [&hellip;]<\/p>","protected":false},"featured_media":18975,"comment_status":"open","ping_status":"closed","template":"","meta":[],"product_brand":[],"product_cat":[29,33],"product_tag":[],"class_list":{"0":"post-16324","1":"product","2":"type-product","3":"status-publish","4":"has-post-thumbnail","6":"product_cat-kuschelkissen","7":"product_cat-xxl","9":"first","10":"outofstock","11":"taxable","12":"shipping-taxable","13":"purchasable","14":"product-type-simple"},"jetpack_sharing_enabled":true,"_links":{"self":[{"href":"https:\/\/shop.beste-collection.de\/en\/wp-json\/wp\/v2\/product\/16324"}],"collection":[{"href":"https:\/\/shop.beste-collection.de\/en\/wp-json\/wp\/v2\/product"}],"about":[{"href":"https:\/\/shop.beste-collection.de\/en\/wp-json\/wp\/v2\/types\/product"}],"replies":[{"embeddable":true,"href":"https:\/\/shop.beste-collection.de\/en\/wp-json\/wp\/v2\/comments?post=16324"}],"wp:featuredmedia":[{"embeddable":true,"href":"https:\/\/shop.beste-collection.de\/en\/wp-json\/wp\/v2\/media\/18975"}],"wp:attachment":[{"href":"https:\/\/shop.beste-collection.de\/en\/wp-json\/wp\/v2\/media?parent=16324"}],"wp:term":[{"taxonomy":"product_brand","embeddable":true,"href":"https:\/\/shop.beste-collection.de\/en\/wp-json\/wp\/v2\/product_brand?post=16324"},{"taxonomy":"product_cat","embeddable":true,"href":"https:\/\/shop.beste-collection.de\/en\/wp-json\/wp\/v2\/product_cat?post=16324"},{"taxonomy":"product_tag","embeddable":true,"href":"https:\/\/shop.beste-collection.de\/en\/wp-json\/wp\/v2\/product_tag?post=16324"}],"curies":[{"name":"wp","href":"https:\/\/api.w.org\/{rel}","templated":true}]}}