{"id":16318,"date":"2017-12-09T03:36:55","date_gmt":"2017-12-09T02:36:55","guid":{"rendered":"http:\/\/www.beste-collection.de\/wpbc\/?post_type=product&#038;p=16318"},"modified":"2024-08-23T10:54:19","modified_gmt":"2024-08-23T08:54:19","slug":"neck-kleeblatt-lila-nackenrolle","status":"publish","type":"product","link":"https:\/\/shop.beste-collection.de\/en\/product\/neck-kleeblatt-lila-nackenrolle\/","title":{"rendered":"NECK Cloverleaf Purple \u2013 Neck Roll"},"content":{"rendered":"<p>Ideal f\u00fcr Ihre Reise. Die neuen 4-Body Microgranulatkissen sind jetzt noch gr\u00f6\u00dfer, noch st\u00e4rker gef\u00fcllt, noch sch\u00f6ner und noch kuscheliger! Hat man sie einmal in der Hand, l\u00e4\u00dft man sie nicht mehr los. Extrem leicht, gut zu pflegen, passt sich dieses Kissen der Umgebung an. Diese Nackenrolle eignet sich hervorragend als St\u00fctze auf langen Bahn- Auto- oder z.Bsp. Flugreisen. Aber auch zweckentfremdet auf dem Sofa vor dem Fernseher leistet NECK Ihnen beste Dienste.<\/p>\n<p>Masse: 26 x 10 x 26 cm (BxHxT)<br \/>\nGewicht ca. 200g<\/p>","protected":false},"excerpt":{"rendered":"<p>Ideal f\u00fcr Ihre Reise. Die neuen 4-Body Microgranulatkissen sind jetzt noch gr\u00f6\u00dfer, noch st\u00e4rker gef\u00fcllt, noch sch\u00f6ner und noch kuscheliger! Hat man sie einmal in der Hand, l\u00e4\u00dft man sie nicht mehr los. Extrem leicht, gut zu pflegen, passt sich dieses Kissen der Umgebung an. Diese Nackenrolle eignet sich hervorragend als St\u00fctze auf langen Bahn- [&hellip;]<\/p>","protected":false},"featured_media":18869,"comment_status":"open","ping_status":"closed","template":"","meta":[],"product_brand":[],"product_cat":[29,32],"product_tag":[],"class_list":{"0":"post-16318","1":"product","2":"type-product","3":"status-publish","4":"has-post-thumbnail","6":"product_cat-kuschelkissen","7":"product_cat-nackenrolle","9":"first","10":"instock","11":"taxable","12":"shipping-taxable","13":"purchasable","14":"product-type-simple"},"jetpack_sharing_enabled":true,"_links":{"self":[{"href":"https:\/\/shop.beste-collection.de\/en\/wp-json\/wp\/v2\/product\/16318"}],"collection":[{"href":"https:\/\/shop.beste-collection.de\/en\/wp-json\/wp\/v2\/product"}],"about":[{"href":"https:\/\/shop.beste-collection.de\/en\/wp-json\/wp\/v2\/types\/product"}],"replies":[{"embeddable":true,"href":"https:\/\/shop.beste-collection.de\/en\/wp-json\/wp\/v2\/comments?post=16318"}],"wp:featuredmedia":[{"embeddable":true,"href":"https:\/\/shop.beste-collection.de\/en\/wp-json\/wp\/v2\/media\/18869"}],"wp:attachment":[{"href":"https:\/\/shop.beste-collection.de\/en\/wp-json\/wp\/v2\/media?parent=16318"}],"wp:term":[{"taxonomy":"product_brand","embeddable":true,"href":"https:\/\/shop.beste-collection.de\/en\/wp-json\/wp\/v2\/product_brand?post=16318"},{"taxonomy":"product_cat","embeddable":true,"href":"https:\/\/shop.beste-collection.de\/en\/wp-json\/wp\/v2\/product_cat?post=16318"},{"taxonomy":"product_tag","embeddable":true,"href":"https:\/\/shop.beste-collection.de\/en\/wp-json\/wp\/v2\/product_tag?post=16318"}],"curies":[{"name":"wp","href":"https:\/\/api.w.org\/{rel}","templated":true}]}}