{"id":15772,"date":"2017-11-15T21:08:50","date_gmt":"2017-11-15T20:08:50","guid":{"rendered":"http:\/\/www.beste-collection.de\/wpbc\/?post_type=product&#038;p=15772"},"modified":"2025-06-28T02:41:36","modified_gmt":"2025-06-28T00:41:36","slug":"neck-back-3d","status":"publish","type":"product","link":"https:\/\/shop.beste-collection.de\/en\/product\/neck-back-3d\/","title":{"rendered":"Neck &amp; Back 3D * * * Trade fair price * * * !"},"content":{"rendered":"<p><em>Dear customers,<\/em><\/p>\n<p><em>Due to the current situation and cancelled trade fairs, we are offering the trade fair price for this product directly in our online shop until further notice.<\/em><\/p>\n<h2>Produktinformationen &#8220;Neck &amp; Back 3D&#8221;<\/h2>\n<p>Das <span data-mce-mark=\"1\"><strong>Neck &amp; Back 3D<\/strong> <\/span>Wellness Massage System ist ein einzigartiges flexibles und voll ausgestattetes Komplett System f\u00fcr die einfache und bequeme Massage zu Hause. Staunen Sie z.B. \u00fcber die bislang nicht gekannte Schulter-Druckmassage durch ein elektrisches Massageger\u00e4t, die 3D Massage dank des neuartigen ausklappbaren Schulterb\u00fcgels. Sie werden verw\u00f6hnt, wann immer Sie es m\u00f6chten z.B. mit &#8220;Shiatsu-Massage&#8221; oder &#8220;Vibrationsmassage&#8221;. Oder geniessen Sie die wohltuende Wirkung der intergrierten &#8220;W\u00e4rmefunktion&#8221;. Viele verschiedene Automatikfunktionen unterst\u00fctzen Sie bei der Auswahl der richtigen individuellen Massage. Dabei steuern Sie alles ganz komfortabel mit der zugeh\u00f6rigen Kabelfernbedienung, nach Ihrem individuellen Anforderungen. Das Neck &amp; Back 3D Wellness Massage System wird nicht m\u00fcde Sie zu verw\u00f6hnen.<\/p>\n<p>&nbsp;<\/p>\n<ul>\n<li>3 Massagestufen<\/li>\n<li>Nacken- und Schultermassage<\/li>\n<li>Shiatsu Massage<\/li>\n<li>3D Massage bis 90 \u00b0 neigbar<\/li>\n<li>W\u00e4rmefunktion<\/li>\n<li>Vibrations-Sitzfl\u00e4che<\/li>\n<li>Platzsparend, da vollst\u00e4ndig mobil<\/li>\n<li>Hochwertige schwere Ausf\u00fchrung<\/li>\n<li>Top verarbeitet<\/li>\n<\/ul>","protected":false},"excerpt":{"rendered":"<p>Werte Kunden, Aufgrund der aktuellen Situation und abgesagten Messen bieten wir f\u00fcr dieses Produkt bis auf weiteres den Messepreis direkt in unserem Onlineshop an. Produktinformationen &#8220;Neck &amp; Back 3D&#8221; Das Neck &amp; Back 3D Wellness Massage System ist ein einzigartiges flexibles und voll ausgestattetes Komplett System f\u00fcr die einfache und bequeme Massage zu Hause. Staunen [&hellip;]<\/p>","protected":false},"featured_media":18859,"comment_status":"open","ping_status":"closed","template":"","meta":[],"product_brand":[],"product_cat":[23,37,25],"product_tag":[],"class_list":{"0":"post-15772","1":"product","2":"type-product","3":"status-publish","4":"has-post-thumbnail","6":"product_cat-massage","7":"product_cat-nacken-ruecken","8":"product_cat-sale","10":"first","11":"instock","12":"taxable","13":"shipping-taxable","14":"purchasable","15":"product-type-simple"},"jetpack_sharing_enabled":true,"_links":{"self":[{"href":"https:\/\/shop.beste-collection.de\/en\/wp-json\/wp\/v2\/product\/15772"}],"collection":[{"href":"https:\/\/shop.beste-collection.de\/en\/wp-json\/wp\/v2\/product"}],"about":[{"href":"https:\/\/shop.beste-collection.de\/en\/wp-json\/wp\/v2\/types\/product"}],"replies":[{"embeddable":true,"href":"https:\/\/shop.beste-collection.de\/en\/wp-json\/wp\/v2\/comments?post=15772"}],"wp:featuredmedia":[{"embeddable":true,"href":"https:\/\/shop.beste-collection.de\/en\/wp-json\/wp\/v2\/media\/18859"}],"wp:attachment":[{"href":"https:\/\/shop.beste-collection.de\/en\/wp-json\/wp\/v2\/media?parent=15772"}],"wp:term":[{"taxonomy":"product_brand","embeddable":true,"href":"https:\/\/shop.beste-collection.de\/en\/wp-json\/wp\/v2\/product_brand?post=15772"},{"taxonomy":"product_cat","embeddable":true,"href":"https:\/\/shop.beste-collection.de\/en\/wp-json\/wp\/v2\/product_cat?post=15772"},{"taxonomy":"product_tag","embeddable":true,"href":"https:\/\/shop.beste-collection.de\/en\/wp-json\/wp\/v2\/product_tag?post=15772"}],"curies":[{"name":"wp","href":"https:\/\/api.w.org\/{rel}","templated":true}]}}