{"id":15761,"date":"2017-11-15T20:35:31","date_gmt":"2017-11-15T19:35:31","guid":{"rendered":"http:\/\/www.beste-collection.de\/wpbc\/?post_type=product&#038;p=15761"},"modified":"2025-12-20T10:18:27","modified_gmt":"2025-12-20T09:18:27","slug":"bioneck-3-0-rot-shiatsu-nackenmassagegeraet","status":"publish","type":"product","link":"https:\/\/shop.beste-collection.de\/en\/product\/bioneck-3-0-rot-shiatsu-nackenmassagegeraet\/","title":{"rendered":"Bioneck 3.0 Rot Shiatsu Nackenmassageger\u00e4t ohne Akku  * * * Messepreis * * * !"},"content":{"rendered":"<p>Includes 5 year manufacturer warranty!<\/p>\n<p>Revolutionary! Be one of the first to hold the new battery-powered and mains-operated BioNeck in your hands. The BioNeck pampers you with a distinctive massage that you won't want to miss.<br \/>\nThanks to the flexibility that the BioNeck offers, problem areas can be targeted specifically. We are particularly proud of the deep heat of up to 55\u00b0, which can be switched on simply at the touch of a button.<\/p>\n<p>Item description<\/p>\n<p>Shiatsu multi massage system for: shoulder, neck, stomach, waist, legs, feet and more<br \/>\nAutomatic rotation of the system, clockwise and counterclockwise<br \/>\nSpecial design of the massage balls<br \/>\nHigh-quality polyurethane cover<br \/>\nManual control of the direction of rotation possible<br \/>\nEasy operation with on\/off switch<br \/>\nSwitchable soothing heat (38\u00b0- 55\u00b0) to relieve stiffness and tension<br \/>\nScientifically designed for the human body<br \/>\nMassage can be controlled manually with both hands<br \/>\nNEW now also with belt<br \/>\nNEW 2 speed levels<br \/>\nNEW Additional loop for the feet<br \/>\n5 year manufacturer warranty<\/p>\n<p>Technical details:<\/p>\n<p>Shiatsu massage<br \/>\nProtective function to prevent overheating<br \/>\nhighly modern movable dual massage mechanism<br \/>\nDevice dimensions L x W x H: 40cm x 16cm x 27.5 cm<\/p>","protected":false},"excerpt":{"rendered":"<p>Inklusive 5 Jahre Herstellergarantie! Revolution\u00e4r! Seien sie einer der ersten die den neuen Akku sowie Netzbetriebenen BioNeck in H\u00e4nden halten. Der BioNeck verw\u00f6hnt Sie mit einer unverwechselbaren Massage die Sie nicht mehr missen m\u00f6chten. Dank der Flexibilit\u00e4t die ihnen der BioNeck bietet, k\u00f6nnen Problemstellen gezielt angesteuert werden.Ganz besonderes Stolz sind wir auf die Tiefenw\u00e4rme von [&hellip;]<\/p>","protected":false},"featured_media":19161,"comment_status":"open","ping_status":"closed","template":"","meta":[],"product_brand":[],"product_cat":[23,37],"product_tag":[],"class_list":{"0":"post-15761","1":"product","2":"type-product","3":"status-publish","4":"has-post-thumbnail","6":"product_cat-massage","7":"product_cat-nacken-ruecken","9":"first","10":"instock","11":"taxable","12":"shipping-taxable","13":"purchasable","14":"product-type-simple"},"jetpack_sharing_enabled":true,"_links":{"self":[{"href":"https:\/\/shop.beste-collection.de\/en\/wp-json\/wp\/v2\/product\/15761"}],"collection":[{"href":"https:\/\/shop.beste-collection.de\/en\/wp-json\/wp\/v2\/product"}],"about":[{"href":"https:\/\/shop.beste-collection.de\/en\/wp-json\/wp\/v2\/types\/product"}],"replies":[{"embeddable":true,"href":"https:\/\/shop.beste-collection.de\/en\/wp-json\/wp\/v2\/comments?post=15761"}],"wp:featuredmedia":[{"embeddable":true,"href":"https:\/\/shop.beste-collection.de\/en\/wp-json\/wp\/v2\/media\/19161"}],"wp:attachment":[{"href":"https:\/\/shop.beste-collection.de\/en\/wp-json\/wp\/v2\/media?parent=15761"}],"wp:term":[{"taxonomy":"product_brand","embeddable":true,"href":"https:\/\/shop.beste-collection.de\/en\/wp-json\/wp\/v2\/product_brand?post=15761"},{"taxonomy":"product_cat","embeddable":true,"href":"https:\/\/shop.beste-collection.de\/en\/wp-json\/wp\/v2\/product_cat?post=15761"},{"taxonomy":"product_tag","embeddable":true,"href":"https:\/\/shop.beste-collection.de\/en\/wp-json\/wp\/v2\/product_tag?post=15761"}],"curies":[{"name":"wp","href":"https:\/\/api.w.org\/{rel}","templated":true}]}}