{"id":15615,"date":"2016-06-25T08:35:31","date_gmt":"2016-06-25T08:35:31","guid":{"rendered":"http:\/\/8theme.com\/import\/woopress\/demo\/?page_id=37"},"modified":"2020-04-20T00:58:39","modified_gmt":"2020-04-19T22:58:39","slug":"faq","status":"publish","type":"page","link":"https:\/\/shop.beste-collection.de\/en\/faq\/","title":{"rendered":"AGB"},"content":{"rendered":"<h2>AGB<\/h2>\n<p><strong>Allgemeine Gesch\u00e4ftsbedingungen mit wichtigen Kundeninformationen<\/strong><\/p>\n<p><strong>Geltungsbereich:<\/strong><\/p>\n<p>Diese Gesch\u00e4ftsbeziehungen zwischen\u00a0dem\u00a0Beste Collection eShop\u00a0(Inh. Mehmet Cetin) und dem Kunden gelten f\u00fcr alle Vertr\u00e4ge, die ein Verbraucher oder Unternehmer (nachfolgend &#8220;Kunde&#8221;) mit dem Verk\u00e4ufer hinsichtlich der vom Verk\u00e4ufer in seinem Online-Shop dargestellten Waren und\/oder Leistungen abschlie\u00dft. Hiermit wird der Einbeziehung von eigenen Bedingungen des Kunden widersprochen, es sei denn, es ist etwas anderes vereinbart.<\/p>\n<p><strong>Zeitpunkt des Vertragsschlusses:<br \/>\n<\/strong><br \/>\nDurch Anklicken des Buttons\u00a0<strong>&#8220;Bestellung absenden&#8221;<\/strong>\u00a0geben Sie eine verbindliche Bestellung der im Warenkorb enthaltenen Waren ab. Bei Internet-Versteigerungen oder sonstigen Verk\u00e4ufen gegen H\u00f6chstgebot vollzieht sich die verbindliche Bestellung automatisch\u00a0durch den jeweils Meistbietenden beim Ende der Auktion. Hinsichtlich des Vertragsabschlusses unter &#8220;eBay&#8221; gelten die f\u00fcr den Kunden dort einsehbaren AGB von &#8220;eBay&#8221;.Die Best\u00e4tigung des Eingangs der Bestellung folgt unmittelbar nach dem Absenden der Bestellung. Der Kaufvertrag kommt mit unserer Auslieferungsbest\u00e4tigung oder Lieferung der Waren zustande.<\/p>\n<p><strong>Einsicht in den Vertragstext:<\/strong><\/p>\n<p>Der Vertragstext wird gespeichert. Sie k\u00f6nnen die allgemeinen Vertragsbedingungen jederzeit auf\u00a0<a title=\"Allgemeine Vertragsbedingungen\" href=\"http:\/\/www.senana.de\/oxid\/index.php?sid=6403264a0e1b898e3e57ae23f3cd58d1&amp;cl=info&amp;tpl=agb.tpl\" rel=\"nofollow\">dieser Seite<\/a>\u00a0einsehen. Ihre konkreten Bestelldaten k\u00f6nnen Sie in unter\u00a0<a href=\"http:\/\/www.senana.de\/oxid\/index.php?sid=6403264a0e1b898e3e57ae23f3cd58d1&amp;;cl=account\" rel=\"nofollow\">My Account<\/a>\u00a0einsehen. Bei Internetauktion auf der Plattform eBay k\u00f6nnen Sie die Bestelldaten jeweils auf Ihrer individuellen Abwicklungsseite bei unserem Servicepartner afterbuy einsehen. Der Hyperlink zu Ihrer individuellen\u00a0afterbuy-Seite wird Ihnen per eMail zugesandt.<\/p>\n<p><strong>Lieferzeiten:<br \/>\n<\/strong><br \/>\nDie voraussichtliche Lieferzeit entnehmen Sie bitte der Produktbeschreibung. Falls dort keine Angaben gemacht werden, erfolgt die Lieferung bei Bestellannahme innerhalb von\u00a030 Tagen. Die Vereinbarung l\u00e4ngerer Lieferzeiten auf Ihren Wunsch ist m\u00f6glich.<\/p>\n<div><strong>Teillieferungen:<\/strong><\/div>\n<div><strong>\u00a0\u00a0<\/strong><br \/>\nWir sind zu Teillieferungen in f\u00fcr Sie zumutbarem Umfang berechtigt. Zus\u00e4tzliche Versandkosten entstehen nur bei ausdr\u00fccklicher Vereinbarung.<\/div>\n<div><\/div>\n<div>R\u00fccksendung :<\/div>\n<div>\n<p>Sofern Sie Verbraucher sind, steht Ihnen in Bezug auf die bei uns gekauften Waren ein Widerrufsrecht nach Ma\u00dfgabe der folgenden Widerrufsbelehrung zu. Sie sind gem\u00e4\u00df \u00a7 13 BGB Verbraucher, wenn Sie den Kaufvertrag zu Zwecken abschlie\u00dfen, die \u00fcberwiegend weder Ihrer gewerblichen noch Ihrer selbst\u00e4ndigen beruflichen T\u00e4tigkeit zugeordnet werden k\u00f6nnen.<\/p>\n<p><strong>Widerrufsbelehrung<\/strong><\/p>\n<p>Widerrufsrecht<\/p>\n<p>Sie haben das Recht, binnen vierzehn Tagen ohne Angabe von Gr\u00fcnden diesen Vertrag zu widerrufen.<\/p>\n<p>Die Widerrufsfrist betr\u00e4gt vierzehn Tage ab dem Tag an dem Sie oder ein von Ihnen benannter Dritter, der nicht der Bef\u00f6rderer ist, die Waren in Besitz genommen haben bzw. hat.<\/p>\n<p>Um Ihr Widerrufsrecht auszu\u00fcben, m\u00fcssen Sie uns<\/p>\n<p>(Firma Beste Collection,<\/p>\n<p>Mehmet Cetin,<\/p>\n<p>Waldschulstrasse 117,<\/p>\n<p>65933 Frankfurt am Main,<\/p>\n<p>Telefonnummer: +49 (0)69 38 99 63 28,<\/p>\n<p>Telefaxnummer: +49 (0)69 38 98 26 75,<\/p>\n<p>E-Mail-Adresse: <a href=\"mailto:info@beste-collection.de\">info@beste-collection.de<\/a>)<\/p>\n<p>mittels einer eindeutigen Erkl\u00e4rung (z.B. ein mit der Post versandter Brief, Telefax oder E-Mail) \u00fcber Ihren Entschluss, diesen Vertrag zu widerrufen, informieren. Sie k\u00f6nnen daf\u00fcr das beigef\u00fcgte Muster-Widerrufsformular verwenden, das jedoch nicht vorgeschrieben ist.<\/p>\n<p>Zur Wahrung der Widerrufsfrist reicht es aus, dass Sie die Mitteilung \u00fcber die Aus\u00fcbung des Widerrufsrechts vor Ablauf der Widerrufsfrist absenden.<\/p>\n<p><strong>Folgen des Widerrufs<\/strong><\/p>\n<p>Wenn Sie diesen Vertrag widerrufen, haben wir Ihnen alle Zahlungen, die wir von Ihnen erhalten haben, einschlie\u00dflich der Lieferkosten (mit Ausnahme der zus\u00e4tzlichen Kosten, die sich daraus ergeben, dass Sie eine andere Art der Lieferung als die von uns angebotene, g\u00fcnstige Standardlieferung gew\u00e4hlt haben), unverz\u00fcglich und sp\u00e4testens binnen vierzehn Tagen ab dem Tag zur\u00fcckzuzahlen, an dem die Mitteilung \u00fcber Ihren Widerruf dieses Vertrags bei uns eingegangen ist. F\u00fcr diese R\u00fcckzahlung verwenden wir dasselbe Zahlungsmittel, das Sie bei der urspr\u00fcnglichen Transaktion eingesetzt haben, es sei denn, mit Ihnen wurde ausdr\u00fccklich etwas anderes vereinbart; in keinem Fall werden Ihnen wegen dieser R\u00fcckzahlung Entgelte berechnet.<\/p>\n<p>Wir k\u00f6nnen die R\u00fcckzahlung verweigern, bis wir die Waren wieder zur\u00fcckerhalten haben oder bis Sie den Nachweis erbracht haben, dass Sie die Waren zur\u00fcckgesandt haben, je nachdem, welches der fr\u00fchere Zeitpunkt ist.<\/p>\n<p>Sie haben die Waren unverz\u00fcglich und in jedem Fall sp\u00e4testens binnen vierzehn Tagen ab dem Tag, an dem Sie uns \u00fcber den Widerruf dieses Vertrages unterrichten, an uns zur\u00fcckzusenden oder zu \u00fcbergeben. Die Frist ist gewahrt, wenn Sie die Waren vor Ablauf der Frist von vierzehn Tagen absenden.<\/p>\n<p>Sie tragen die unmittelbaren Kosten der R\u00fccksendung der Waren.<\/p>\n<p>Sie m\u00fcssen f\u00fcr einen etwaigen Wertverlust der Waren nur aufkommen, wenn dieser Wertverlust auf einen zur Pr\u00fcfung der Beschaffenheit, Eigenschaften und Funktionsweise der Waren nicht notwendigen Umgang mit ihnen zur\u00fcckzuf\u00fchren ist.<\/p>\n<p>&nbsp;<\/p>\n<p>Ihr Mehmet Cetin<\/p>\n<p><strong>Ende der Widerrufsbelehrung<\/strong><\/p>\n<\/div>\n<p><strong>Gew\u00e4hrleistung:<\/strong><\/p>\n<p>Die Gew\u00e4hrleistung erfolgt nach den gesetzlichen Bestimmungen, wobei wir im Falle eines Mangels der Ware nach Ihrer Wahl zun\u00e4chst nachliefern oder nachbessern. Schl\u00e4gt die Nachbesserung fehl oder ist die nachgelieferte Ware ebenfalls mangelbehaftet, so k\u00f6nnen Sie die Ware gegen R\u00fcckerstattung des vollen Kaufpreises zur\u00fcck geben oder die Ware behalten und den Kaufpreis mindern. Informationen \u00fcber eventuelle Herstellergarantien entnehmen Sie bitte der Produktdokumentation.<\/p>\n<div>\n<p><strong>Eigentumsvorbehalt:<\/strong><\/p>\n<p>Die gelieferte Ware bleibt bis zur vollst\u00e4ndigen Bezahlung unser Eigentum.<\/p>\n<p><strong>Gerichtsstand:<\/strong><\/p>\n<\/div>\n<div>Der Gerichtsstand f\u00fcr alle Rechtsstreitigkeiten aus diesem Vertrag ist Frankfurt, jedoch nicht, wenn der Kunde Verbraucher ist.<\/div>\n<p><strong>Datenschutzerkl\u00e4rung:<\/strong><\/p>\n<p>Wir verwenden Ihre Bestandsdaten ausschlie\u00dflich zur Abwicklung Ihrer Bestellung. Alle Kundendaten werden unter Beachtung der einschl\u00e4gigen Vorschriften der Bundesdatenschutzgesetze (BDSG) und des Teledienstdatenschutzgesetzes (TDDSG) von uns gespeichert und verarbeitet.<\/p>\n<p>Die Vertragsdaten (Name, Vorname, Geburtsdatum, Strasse\/Hs.Nr, PLZ, Ort)\u00a0werden fallweise\u00a0genutzt, um bei der Firma B\u00fcrgel Wirtschaftsinformationen GmbH &amp; Co KG, Postfach 500 166, 22701 Hamburg,\u00a0 eine Bonit\u00e4tsauskunft zu veranlassen. Dieser Hinweis erfolgt entsprechend den Vorschriften des \u00a7 33 Abs. 1 Bundesdatenschutzgesetz (BDSG).<\/p>\n<p>Sie haben jederzeit ein Recht auf kostenlose Auskunft, Berichtigung, Sperrung und L\u00f6schung Ihrer gespeicherten Daten. Bitte wenden Sie sich an<\/p>\n<p>Dar\u00fcber hinaus\u00a0geben wir Ihre personenbezogenen Daten einschlie\u00dflich Ihrer Haus-Adresse und E-Mail-Adresse nicht ohne Ihre ausdr\u00fcckliche und jederzeit widerrufliche Einwilligung an Dritte weiter. Ausgenommen hiervon sind unsere Dienstleistungspartner, die zur Bestellabwicklung die \u00dcbermittlung von Daten ben\u00f6tigen (z.B. das mit der Lieferung beauftragte Versandunternehmen und das mit der Zahlungsabwicklung beauftragte Kreditinstitut). In diesen F\u00e4llen beschr\u00e4nkt sich der Umfang der \u00fcbermittelten Daten jedoch nur auf das erforderliche Minimum.<\/p>","protected":false},"excerpt":{"rendered":"<p>AGB Allgemeine Gesch\u00e4ftsbedingungen mit wichtigen Kundeninformationen Geltungsbereich: Diese Gesch\u00e4ftsbeziehungen zwischen\u00a0dem\u00a0Beste Collection eShop\u00a0(Inh. Mehmet Cetin) und dem Kunden gelten f\u00fcr alle Vertr\u00e4ge, die ein Verbraucher oder Unternehmer (nachfolgend &#8220;Kunde&#8221;) mit dem Verk\u00e4ufer hinsichtlich der vom Verk\u00e4ufer in seinem Online-Shop dargestellten Waren und\/oder Leistungen abschlie\u00dft. Hiermit wird der Einbeziehung von eigenen Bedingungen des Kunden widersprochen, es sei [&hellip;]<\/p>","protected":false},"author":1,"featured_media":0,"parent":0,"menu_order":0,"comment_status":"closed","ping_status":"closed","template":"","meta":{"footnotes":""},"class_list":["post-15615","page","type-page","status-publish","hentry"],"jetpack_sharing_enabled":true,"_links":{"self":[{"href":"https:\/\/shop.beste-collection.de\/en\/wp-json\/wp\/v2\/pages\/15615"}],"collection":[{"href":"https:\/\/shop.beste-collection.de\/en\/wp-json\/wp\/v2\/pages"}],"about":[{"href":"https:\/\/shop.beste-collection.de\/en\/wp-json\/wp\/v2\/types\/page"}],"author":[{"embeddable":true,"href":"https:\/\/shop.beste-collection.de\/en\/wp-json\/wp\/v2\/users\/1"}],"replies":[{"embeddable":true,"href":"https:\/\/shop.beste-collection.de\/en\/wp-json\/wp\/v2\/comments?post=15615"}],"version-history":[{"count":4,"href":"https:\/\/shop.beste-collection.de\/en\/wp-json\/wp\/v2\/pages\/15615\/revisions"}],"predecessor-version":[{"id":16822,"href":"https:\/\/shop.beste-collection.de\/en\/wp-json\/wp\/v2\/pages\/15615\/revisions\/16822"}],"wp:attachment":[{"href":"https:\/\/shop.beste-collection.de\/en\/wp-json\/wp\/v2\/media?parent=15615"}],"curies":[{"name":"wp","href":"https:\/\/api.w.org\/{rel}","templated":true}]}}